{"id":14,"date":"2024-06-25T13:46:27","date_gmt":"2024-06-25T13:46:27","guid":{"rendered":"https:\/\/www.efboston.org\/?page_id=14"},"modified":"2025-02-10T16:32:44","modified_gmt":"2025-02-10T21:32:44","slug":"sitemap","status":"publish","type":"page","link":"https:\/\/www.efboston.org\/fr\/sitemap\/","title":{"rendered":"Sitemap"},"content":{"rendered":"<p>[et_pb_section fb_built=&#8221;1&#8243; _builder_version=&#8221;4.16&#8243; global_colors_info=&#8221;{}&#8221;][et_pb_row _builder_version=&#8221;4.27.3&#8243; background_size=&#8221;initial&#8221; background_position=&#8221;top_left&#8221; background_repeat=&#8221;repeat&#8221; custom_margin=&#8221;75px||||false|false&#8221; global_colors_info=&#8221;{}&#8221;][et_pb_column type=&#8221;4_4&#8243; _builder_version=&#8221;4.16&#8243; custom_padding=&#8221;|||&#8221; global_colors_info=&#8221;{}&#8221; custom_padding__hover=&#8221;|||&#8221;][et_pb_text _builder_version=&#8221;4.27.4&#8243; link_text_color=&#8221;rgba(64,64,63,0.8)&#8221; background_size=&#8221;initial&#8221; background_position=&#8221;top_left&#8221; background_repeat=&#8221;repeat&#8221; hover_enabled=&#8221;0&#8243; global_colors_info=&#8221;{}&#8221; link_text_color__hover_enabled=&#8221;on|hover&#8221; link_text_color__hover=&#8221;#FFA700&#8243; sticky_enabled=&#8221;0&#8243;]<\/p>\n<h1>Site Map<\/h1>\n<div id=\"wp-realtime-sitemap-pages\"><h3>Pages<\/h3><ul><li class=\"page_item page-item-17228691\"><a href=\"https:\/\/www.efboston.org\/fr\/a-multicultural-community\/\">A Multicultural Community<\/a><\/li>\n<li class=\"page_item page-item-17228821\"><a href=\"https:\/\/www.efboston.org\/fr\/academics\/\">Academics<\/a><\/li>\n<li class=\"page_item page-item-22988477\"><a href=\"https:\/\/www.efboston.org\/fr\/admission\/\">Admission<\/a><\/li>\n<li class=\"page_item page-item-25545427\"><a href=\"https:\/\/www.efboston.org\/fr\/adult-classes\/\">Adult Classes<\/a><\/li>\n<li class=\"page_item page-item-17229052\"><a href=\"https:\/\/www.efboston.org\/fr\/after-school-clubs\/\">After School \/ Clubs<\/a><\/li>\n<li class=\"page_item page-item-25544210\"><a href=\"https:\/\/www.efboston.org\/fr\/calendar\/\">Calendar<\/a><\/li>\n<li class=\"page_item page-item-22988650\"><a href=\"https:\/\/www.efboston.org\/fr\/careers\/\">Careers<\/a><\/li>\n<li class=\"page_item page-item-17228780\"><a href=\"https:\/\/www.efboston.org\/fr\/contact\/\">Contact<\/a><\/li>\n<li class=\"page_item page-item-25544557\"><a href=\"https:\/\/www.efboston.org\/fr\/cookie-policy\/\">Cookie Policy<\/a><\/li>\n<li class=\"page_item page-item-22988528\"><a href=\"https:\/\/www.efboston.org\/fr\/delf\/\">DELF<\/a><\/li>\n<li class=\"page_item page-item-25544435\"><a href=\"https:\/\/www.efboston.org\/fr\/donate\/\">Donate<\/a><\/li>\n<li class=\"page_item page-item-17228954\"><a href=\"https:\/\/www.efboston.org\/fr\/elementary-school\/\">Elementary School<\/a><\/li>\n<li class=\"page_item page-item-22988461\"><a href=\"https:\/\/www.efboston.org\/fr\/faqs\/\">FAQs<\/a><\/li>\n<li class=\"page_item page-item-22988577\"><a href=\"https:\/\/www.efboston.org\/fr\/flam\/\">FLAM<\/a><\/li>\n<li class=\"page_item page-item-9\"><a href=\"https:\/\/www.efboston.org\/fr\/\">Home<\/a><\/li>\n<li class=\"page_item page-item-17228759\"><a href=\"https:\/\/www.efboston.org\/fr\/multilingual-education\/\">Multilingual Education<\/a><\/li>\n<li class=\"page_item page-item-25545449\"><a href=\"https:\/\/www.efboston.org\/fr\/open-houses\/\">Open Houses<\/a><\/li>\n<li class=\"page_item page-item-17228732\"><a href=\"https:\/\/www.efboston.org\/fr\/our-staff\/\">Our Staff<\/a><\/li>\n<li class=\"page_item page-item-17228872\"><a href=\"https:\/\/www.efboston.org\/fr\/preschool\/\">Preschool<\/a><\/li>\n<li class=\"page_item page-item-25545929\"><a href=\"https:\/\/www.efboston.org\/fr\/preschool-elementary-lp\/\">Preschool &#038; Elementary LP<\/a><\/li>\n<li class=\"page_item page-item-3\"><a href=\"https:\/\/www.efboston.org\/fr\/privacy-policy\/\">Privacy Policy<\/a><\/li>\n<li class=\"page_item page-item-14\"><a href=\"https:\/\/www.efboston.org\/fr\/sitemap\/\">Sitemap<\/a><\/li>\n<li class=\"page_item page-item-25545797\"><a href=\"https:\/\/www.efboston.org\/fr\/summer-camp-2\/\">Summer Camp<\/a><\/li>\n<li class=\"page_item page-item-22988641\"><a href=\"https:\/\/www.efboston.org\/fr\/summer-camp\/\">Summer Camp<\/a><\/li>\n<li class=\"page_item page-item-25544555\"><a href=\"https:\/\/www.efboston.org\/fr\/terms-conditions\/\">Terms &#038; Conditions<\/a><\/li>\n<li class=\"page_item page-item-25544917\"><a href=\"https:\/\/www.efboston.org\/fr\/thank-you-admin-lp\/\">Thank You<\/a><\/li>\n<li class=\"page_item page-item-25545940\"><a href=\"https:\/\/www.efboston.org\/fr\/thank-you-admission-lp\/\">Thank You Admission LP<\/a><\/li>\n<li class=\"page_item page-item-277628\"><a href=\"https:\/\/www.efboston.org\/fr\/who-we-are\/\">Who We Are<\/a><\/li>\n<\/ul><\/div><div id=\"wp-realtime-sitemap-posts\"><h3>Posts<\/h3><ul><li><a href=\"https:\/\/www.efboston.org\/fr\/2024\/07\/12\/meet-florence\/\" title=\"Permalink to Meet Florence\" rel=\"bookmark\">Meet Florence<\/a><\/li><li><a href=\"https:\/\/www.efboston.org\/fr\/2024\/07\/12\/meet-matt\/\" title=\"Permalink to Meet Matt\" rel=\"bookmark\">Meet Matt<\/a><\/li><li><a href=\"https:\/\/www.efboston.org\/fr\/2024\/07\/12\/meet-ada\/\" title=\"Permalink to Meet Ada\" rel=\"bookmark\">Meet Ada<\/a><\/li><li><a href=\"https:\/\/www.efboston.org\/fr\/2024\/11\/15\/meet-emilie\/\" title=\"Permalink to Meet Emilie\" rel=\"bookmark\">Meet Emilie<\/a><\/li><li><a href=\"https:\/\/www.efboston.org\/fr\/2025\/01\/10\/meet-veronique\/\" title=\"Permalink to Meet V\u00e9ronique\" rel=\"bookmark\">Meet V\u00e9ronique<\/a><\/li><\/ul><\/div>\n<p>[\/et_pb_text][\/et_pb_column][\/et_pb_row][\/et_pb_section]<\/p>","protected":false},"excerpt":{"rendered":"<p>V\u00e9ronique est enseignante en CP sur le campus de Concord. Passionn\u00e9e par l\u2019apprentissage des jeunes enfants, elle cr\u00e9e une salle de classe accueillante o\u00f9 chaque \u00e9l\u00e8ve peut s\u2019\u00e9panouir. Avec son approche bienveillante, elle favorise l\u2019apprentissage par le jeu tout en instillant des valeurs comme le respect et la curiosit\u00e9. V\u00e9ronique appr\u00e9cie particuli\u00e8rement la chaleur de [&hellip;]<\/p>","protected":false},"author":1,"featured_media":0,"parent":0,"menu_order":0,"comment_status":"closed","ping_status":"closed","template":"","meta":{"_et_pb_use_builder":"on","_et_pb_old_content":"<p>[wp-realtime-sitemap]<\/p>","_et_gb_content_width":"","footnotes":""},"dipi_cpt_category":[],"difl_page_category":[],"class_list":["post-14","page","type-page","status-publish","hentry"],"yoast_head":"<!-- This site is optimized with the Yoast SEO plugin v27.3 - https:\/\/yoast.com\/product\/yoast-seo-wordpress\/ -->\n<title>Sitemap - \u00c9cole Fran\u00e7aise Boston (EFB)<\/title>\n<meta name=\"description\" content=\"A site map of pages and posts on the \u00c9cole Fran\u00e7aise de Boston (EFB) - Boston, MA School for French website.\" \/>\n<meta name=\"robots\" content=\"index, follow, max-snippet:-1, max-image-preview:large, max-video-preview:-1\" \/>\n<link rel=\"canonical\" href=\"https:\/\/www.efboston.org\/fr\/sitemap\/\" \/>\n<meta property=\"og:locale\" content=\"fr_FR\" \/>\n<meta property=\"og:type\" content=\"article\" \/>\n<meta property=\"og:title\" content=\"Sitemap - \u00c9cole Fran\u00e7aise Boston (EFB)\" \/>\n<meta property=\"og:description\" content=\"A site map of pages and posts on the \u00c9cole Fran\u00e7aise de Boston (EFB) - Boston, MA School for French website.\" \/>\n<meta property=\"og:url\" content=\"https:\/\/www.efboston.org\/fr\/sitemap\/\" \/>\n<meta property=\"og:site_name\" content=\"\u00c9cole Fran\u00e7aise de Boston (EFB) - Boston, MA School for French\" \/>\n<meta property=\"article:publisher\" content=\"https:\/\/www.facebook.com\/efb.ecole\/\" \/>\n<meta property=\"article:modified_time\" content=\"2025-02-10T21:32:44+00:00\" \/>\n<meta property=\"og:image\" content=\"https:\/\/www.efboston.org\/wp-content\/uploads\/2025\/02\/YOAST-Facebook-WebshareImage.jpg\" \/>\n\t<meta property=\"og:image:width\" content=\"600\" \/>\n\t<meta property=\"og:image:height\" content=\"315\" \/>\n\t<meta property=\"og:image:type\" content=\"image\/jpeg\" \/>\n<meta name=\"twitter:card\" content=\"summary_large_image\" \/>\n<meta name=\"twitter:label1\" content=\"Dur\u00e9e de lecture estim\u00e9e\" \/>\n\t<meta name=\"twitter:data1\" content=\"1 minute\" \/>\n<script type=\"application\/ld+json\" class=\"yoast-schema-graph\">{\"@context\":\"https:\\\/\\\/schema.org\",\"@graph\":[{\"@type\":\"WebPage\",\"@id\":\"https:\\\/\\\/www.efboston.org\\\/sitemap\\\/\",\"url\":\"https:\\\/\\\/www.efboston.org\\\/sitemap\\\/\",\"name\":\"Sitemap - \u00c9cole Fran\u00e7aise Boston (EFB)\",\"isPartOf\":{\"@id\":\"https:\\\/\\\/www.efboston.org\\\/#website\"},\"datePublished\":\"2024-06-25T13:46:27+00:00\",\"dateModified\":\"2025-02-10T21:32:44+00:00\",\"description\":\"A site map of pages and posts on the \u00c9cole Fran\u00e7aise de Boston (EFB) - Boston, MA School for French website.\",\"breadcrumb\":{\"@id\":\"https:\\\/\\\/www.efboston.org\\\/sitemap\\\/#breadcrumb\"},\"inLanguage\":\"fr-FR\",\"potentialAction\":[{\"@type\":\"ReadAction\",\"target\":[\"https:\\\/\\\/www.efboston.org\\\/sitemap\\\/\"]}]},{\"@type\":\"BreadcrumbList\",\"@id\":\"https:\\\/\\\/www.efboston.org\\\/sitemap\\\/#breadcrumb\",\"itemListElement\":[{\"@type\":\"ListItem\",\"position\":1,\"name\":\"Home\",\"item\":\"https:\\\/\\\/www.efboston.org\\\/\"},{\"@type\":\"ListItem\",\"position\":2,\"name\":\"Sitemap\"}]},{\"@type\":\"WebSite\",\"@id\":\"https:\\\/\\\/www.efboston.org\\\/#website\",\"url\":\"https:\\\/\\\/www.efboston.org\\\/\",\"name\":\"\u00c9cole Fran\u00e7aise de Boston (EFB) - Boston, MA School for French\",\"description\":\"EFB is a non-profit offering education in French for francophone families in greater Boston.\",\"publisher\":{\"@id\":\"https:\\\/\\\/www.efboston.org\\\/#organization\"},\"potentialAction\":[{\"@type\":\"SearchAction\",\"target\":{\"@type\":\"EntryPoint\",\"urlTemplate\":\"https:\\\/\\\/www.efboston.org\\\/?s={search_term_string}\"},\"query-input\":{\"@type\":\"PropertyValueSpecification\",\"valueRequired\":true,\"valueName\":\"search_term_string\"}}],\"inLanguage\":\"fr-FR\"},{\"@type\":\"Organization\",\"@id\":\"https:\\\/\\\/www.efboston.org\\\/#organization\",\"name\":\"\u00c9cole Fran\u00e7aise de Boston\",\"alternateName\":\"EFB\",\"url\":\"https:\\\/\\\/www.efboston.org\\\/\",\"logo\":{\"@type\":\"ImageObject\",\"inLanguage\":\"fr-FR\",\"@id\":\"https:\\\/\\\/www.efboston.org\\\/#\\\/schema\\\/logo\\\/image\\\/\",\"url\":\"https:\\\/\\\/www.efboston.org\\\/wp-content\\\/uploads\\\/2025\\\/02\\\/YOAST-Facebook-WebshareImage.jpg\",\"contentUrl\":\"https:\\\/\\\/www.efboston.org\\\/wp-content\\\/uploads\\\/2025\\\/02\\\/YOAST-Facebook-WebshareImage.jpg\",\"width\":600,\"height\":315,\"caption\":\"\u00c9cole Fran\u00e7aise de Boston\"},\"image\":{\"@id\":\"https:\\\/\\\/www.efboston.org\\\/#\\\/schema\\\/logo\\\/image\\\/\"},\"sameAs\":[\"https:\\\/\\\/www.facebook.com\\\/efb.ecole\\\/\",\"https:\\\/\\\/www.linkedin.com\\\/school\\\/efgb\\\/\",\"https:\\\/\\\/www.instagram.com\\\/efb.ecole\\\/\"]}]}<\/script>\n<!-- \/ Yoast SEO plugin. -->","yoast_head_json":{"title":"Sitemap - \u00c9cole Fran\u00e7aise Boston (EFB)","description":"A site map of pages and posts on the \u00c9cole Fran\u00e7aise de Boston (EFB) - Boston, MA School for French website.","robots":{"index":"index","follow":"follow","max-snippet":"max-snippet:-1","max-image-preview":"max-image-preview:large","max-video-preview":"max-video-preview:-1"},"canonical":"https:\/\/www.efboston.org\/fr\/sitemap\/","og_locale":"fr_FR","og_type":"article","og_title":"Sitemap - \u00c9cole Fran\u00e7aise Boston (EFB)","og_description":"A site map of pages and posts on the \u00c9cole Fran\u00e7aise de Boston (EFB) - Boston, MA School for French website.","og_url":"https:\/\/www.efboston.org\/fr\/sitemap\/","og_site_name":"\u00c9cole Fran\u00e7aise de Boston (EFB) - Boston, MA School for French","article_publisher":"https:\/\/www.facebook.com\/efb.ecole\/","article_modified_time":"2025-02-10T21:32:44+00:00","og_image":[{"width":600,"height":315,"url":"https:\/\/www.efboston.org\/wp-content\/uploads\/2025\/02\/YOAST-Facebook-WebshareImage.jpg","type":"image\/jpeg"}],"twitter_card":"summary_large_image","twitter_misc":{"Dur\u00e9e de lecture estim\u00e9e":"1 minute"},"schema":{"@context":"https:\/\/schema.org","@graph":[{"@type":"WebPage","@id":"https:\/\/www.efboston.org\/sitemap\/","url":"https:\/\/www.efboston.org\/sitemap\/","name":"Sitemap - \u00c9cole Fran\u00e7aise Boston (EFB)","isPartOf":{"@id":"https:\/\/www.efboston.org\/#website"},"datePublished":"2024-06-25T13:46:27+00:00","dateModified":"2025-02-10T21:32:44+00:00","description":"A site map of pages and posts on the \u00c9cole Fran\u00e7aise de Boston (EFB) - Boston, MA School for French website.","breadcrumb":{"@id":"https:\/\/www.efboston.org\/sitemap\/#breadcrumb"},"inLanguage":"fr-FR","potentialAction":[{"@type":"ReadAction","target":["https:\/\/www.efboston.org\/sitemap\/"]}]},{"@type":"BreadcrumbList","@id":"https:\/\/www.efboston.org\/sitemap\/#breadcrumb","itemListElement":[{"@type":"ListItem","position":1,"name":"Home","item":"https:\/\/www.efboston.org\/"},{"@type":"ListItem","position":2,"name":"Sitemap"}]},{"@type":"WebSite","@id":"https:\/\/www.efboston.org\/#website","url":"https:\/\/www.efboston.org\/","name":"\u00c9cole Fran\u00e7aise de Boston (EFB) - Boston, MA School for French","description":"EFB is a non-profit offering education in French for francophone families in greater Boston.","publisher":{"@id":"https:\/\/www.efboston.org\/#organization"},"potentialAction":[{"@type":"SearchAction","target":{"@type":"EntryPoint","urlTemplate":"https:\/\/www.efboston.org\/?s={search_term_string}"},"query-input":{"@type":"PropertyValueSpecification","valueRequired":true,"valueName":"search_term_string"}}],"inLanguage":"fr-FR"},{"@type":"Organization","@id":"https:\/\/www.efboston.org\/#organization","name":"\u00c9cole Fran\u00e7aise de Boston","alternateName":"EFB","url":"https:\/\/www.efboston.org\/","logo":{"@type":"ImageObject","inLanguage":"fr-FR","@id":"https:\/\/www.efboston.org\/#\/schema\/logo\/image\/","url":"https:\/\/www.efboston.org\/wp-content\/uploads\/2025\/02\/YOAST-Facebook-WebshareImage.jpg","contentUrl":"https:\/\/www.efboston.org\/wp-content\/uploads\/2025\/02\/YOAST-Facebook-WebshareImage.jpg","width":600,"height":315,"caption":"\u00c9cole Fran\u00e7aise de Boston"},"image":{"@id":"https:\/\/www.efboston.org\/#\/schema\/logo\/image\/"},"sameAs":["https:\/\/www.facebook.com\/efb.ecole\/","https:\/\/www.linkedin.com\/school\/efgb\/","https:\/\/www.instagram.com\/efb.ecole\/"]}]}},"_links":{"self":[{"href":"https:\/\/www.efboston.org\/fr\/wp-json\/wp\/v2\/pages\/14","targetHints":{"allow":["GET"]}}],"collection":[{"href":"https:\/\/www.efboston.org\/fr\/wp-json\/wp\/v2\/pages"}],"about":[{"href":"https:\/\/www.efboston.org\/fr\/wp-json\/wp\/v2\/types\/page"}],"author":[{"embeddable":true,"href":"https:\/\/www.efboston.org\/fr\/wp-json\/wp\/v2\/users\/1"}],"replies":[{"embeddable":true,"href":"https:\/\/www.efboston.org\/fr\/wp-json\/wp\/v2\/comments?post=14"}],"version-history":[{"count":11,"href":"https:\/\/www.efboston.org\/fr\/wp-json\/wp\/v2\/pages\/14\/revisions"}],"predecessor-version":[{"id":25545049,"href":"https:\/\/www.efboston.org\/fr\/wp-json\/wp\/v2\/pages\/14\/revisions\/25545049"}],"wp:attachment":[{"href":"https:\/\/www.efboston.org\/fr\/wp-json\/wp\/v2\/media?parent=14"}],"wp:term":[{"taxonomy":"dipi_cpt_category","embeddable":true,"href":"https:\/\/www.efboston.org\/fr\/wp-json\/wp\/v2\/dipi_cpt_category?post=14"},{"taxonomy":"difl_page_category","embeddable":true,"href":"https:\/\/www.efboston.org\/fr\/wp-json\/wp\/v2\/difl_page_category?post=14"}],"curies":[{"name":"wp","href":"https:\/\/api.w.org\/{rel}","templated":true}]}}